{"id":277,"date":"2017-01-15T02:25:40","date_gmt":"2017-01-15T02:25:40","guid":{"rendered":"http:\/\/duan.phodongvillage.com\/?page_id=277"},"modified":"2019-01-22T14:47:32","modified_gmt":"2019-01-22T07:47:32","slug":"pho-dong-mobile","status":"publish","type":"page","link":"https:\/\/phodongvillage.com\/en\/pho-dong-mobile\/","title":{"rendered":"Pho Dong Mobile"},"content":{"rendered":"<div id=\"pl-277\"  class=\"panel-layout\" ><div id=\"pg-277-0\"  class=\"panel-grid panel-has-style\" ><div class=\"siteorigin-panels-stretch panel-row-style panel-row-style-for-277-0\" id=\"slider\" data-stretch-type=\"full-stretched\" ><div id=\"pgc-277-0-0\"  class=\"panel-grid-cell\" ><div id=\"panel-277-0-0-0\" class=\"so-panel widget widget_text panel-first-child panel-last-child\" data-index=\"0\" >\t\t\t<div class=\"textwidget\"><div class=\"slideshow\">\n  <div id=\"carousel-example-generic\" class=\"carousel slide\" data-ride=\"carousel\">\n    <!-- Indicators -->\n    <!-- Wrapper for slides -->\n    <div class=\"carousel-inner\" role=\"listbox\">\n      <div class=\"item active\">\n        <a href=\"\/2017\/01\/11\/cam-ket-thoi-gian-nhan-hong-phodong-village-hut-khach\/\"><img src=\"\/wp-content\/themes\/phodong\/media\/slider\/1-crop.jpg\"\/><\/a>\n      <\/div>\n      <div class=\"item\">\n        <a href=\"\/2017\/01\/11\/cam-ket-thoi-gian-nhan-hong-phodong-village-hut-khach\/\"><img src=\"\/wp-content\/themes\/phodong\/media\/slider\/2-crop.jpg\"\/><\/a>\n      <\/div>\n    <\/div>\n    <!-- Controls -->\n    <a class=\"left carousel-control\" href=\"#carousel-example-generic\" role=\"button\" data-slide=\"prev\">\n    <span class=\"glyphicon glyphicon-chevron-left\" aria-hidden=\"true\"><\/span>\n    <span class=\"sr-only\">Previous<\/span>\n    <\/a>\n    <a class=\"right carousel-control\" href=\"#carousel-example-generic\" role=\"button\" data-slide=\"next\">\n    <span class=\"glyphicon glyphicon-chevron-right\" aria-hidden=\"true\"><\/span>\n    <span class=\"sr-only\">Next<\/span>\n    <\/a>\n  <\/div>\n\t<div class=\"banner-action\" style=\"z-index: 1;\">\n\t\t<div class=\"trade col-sm-6  col-xs-6 text-right\">\n\t\t\t<a href=\"\/360-view-pho-dong-virtual-tour\/\">\n\t\t\t\t<img src=\"\/wp-content\/themes\/phodong\/media\/vl\/ico-360.png\">\n\t\t\t<\/a>\n\t\t<\/div>\n\t\t<div class=\"video col-sm-6 col-xs-6\">\n\t\t\t<a href=\"https:\/\/www.youtube.com\/watch?v=nUU4IfLIFRA\" target=\"_blank\" rel=\"noopener\">\n\t\t\t\t<img src=\"\/wp-content\/themes\/phodong\/media\/vl\/ico-video.png\">\n\t\t\t<\/a>\n\t\t<\/div>\n\t<\/div>  \n<\/div><\/div>\n\t\t<\/div><\/div><\/div><\/div><div id=\"pg-277-1\"  class=\"panel-grid panel-has-style\" ><div class=\"siteorigin-panels-stretch panel-row-style panel-row-style-for-277-1\" id=\"about\" data-stretch-type=\"full-stretched\" ><div id=\"pgc-277-1-0\"  class=\"panel-grid-cell\" ><div id=\"panel-277-1-0-0\" class=\"so-panel widget widget_text panel-first-child panel-last-child\" data-index=\"1\" >\t\t\t<div class=\"textwidget\">  <div class=\"banner-bottom hidden-xs\" style=\"position: absolute; top: 60px; width: 100%;\">\n      <div><img src=\"\/wp-content\/themes\/phodong\/media\/img\/icon\/bottom-banner.png\"><\/div>\n<\/div>\n  <div class=\"about container vl-about\">\n    <div class=\"row text-right\">\n      <div class=\"col-lg-8 col-md-8 col-sm-12 col-xs-12\">\n        <div class=\"jquery-center\" data-top=\"150px\">\n          <div class=\"about-box text-left\">\n            <div class=\"content-title bounceInLeft animated\">\n              <img src=\"\/wp-content\/themes\/phodong\/media\/img\/icon\/about-heading.png\" alt=\"\">\n              <h4>Gi\u1edbi thi\u1ec7u<\/h4>\n              <span><\/span>\n            <\/div>\n<img src=\"\/wp-content\/themes\/phodong\/media\/logo\/binhyenthiennhien.png\" width=\"100%\" style=\"\n    margin: 10px 0;\n\">\n            <p class=\"description\">\n              T\u1eeb quan ni\u1ec7m phong th\u1ee7y c\u1ee7a \u00d0\u00f4ng Ph\u01b0\u01a1ng: ph\u00eda \u00d0\u00f4ng mang h\u00e0nh M\u1ed9c t\u01b0\u01a1i t\u1eafn, t\u01b0\u1ee3ng tr\u01b0ng l\u00e0 R\u1ed3ng quy\u1ec1n uy, bi\u1ec3u hi\u1ec7n cho m\u00f9a Xu\u00e2n sinh s\u00f4i v\u1ea1n v\u1eadt. \u00d0\u1ed3ng th\u1eddi, c\u00e1c ki\u1ebfn tr\u00fac s\u01b0 t\u00e0i hoa c\u1ee7a PhoDong Village \u0111\u00e3 \u1ee9ng d\u1ee5ng tr\u1ecdn v\u1eb9n tri\u1ebft l\u00fd l\u01b0u chuy\u1ec3n gi\u1eefa Gi\u00f3 v\u00e0 N\u01b0\u1edbc v\u00e0o m\u1ed1i t\u01b0\u01a1ng quan Thi\u00ean \u2013 \u00d0\u1ecba \u2013 Nh\u00e2n \u0111\u1ec3 t\u1ea1o n\u00ean m\u1ed9t khu \u0111\u00f4 th\u1ecb xanh \u0111\u1ed9c \u0111\u00e1o, h\u00e0i h\u00f2a c\u00f9ng thi\u00ean nhi\u00ean v\u00e0 n\u1ed5i b\u1eadt nh\u1eefng h\u00e0ng c\u00e2y Ph\u01b0\u1ee3ng V\u1ef9 duy\u00ean d\u00e1ng, v\u1ed1n \u0111\u01b0\u1ee3c x\u1ebfp v\u00e0o h\u00e0ng ho\u00e0ng t\u1ed9c c\u1ee7a mi\u1ec1n nhi\u1ec7t \u0111\u1edbi.\n            <\/p>\n          <\/div>\n          <div class=\"vl-about-box clearfix about-icon row\">\n            <div class=\"col-sm-3 col-xs-6\">\n              <div class=\"vl-img\">\n                <img src=\"\/wp-content\/themes\/phodong\/media\/vl\/gt-icon-dien-tich-du-an.png\">\n              <\/div>\n              <h3>Di\u1ec7n t\u00edch D\u1ef1 \u00e1n<\/h3>\n              <h4><strong>41<\/strong> ha<\/h4>\n            <\/div>\n            <div class=\"col-sm-3 col-xs-6\">\n              <div class=\"vl-img\">\n                <img src=\"\/wp-content\/themes\/phodong\/media\/vl\/gt-icon-mat-do-xay-dung.png\">\n              <\/div>\n              <h3>M\u1eacT \u0110\u1ed8 X\u00c2Y D\u1ef0NG<\/h3>\n              <h4><strong>24,09<\/strong> %<\/h4>\n            <\/div>\n            <div class=\"col-sm-3 col-xs-6\">\n              <div class=\"vl-img\">\n                <img src=\"\/wp-content\/themes\/phodong\/media\/vl\/gt-icon-cong-vien.png\">\n              <\/div>\n              <h3>C\u00d4NG VI\u00caN<\/h3>\n              <h4><strong>9<\/strong> Khu<\/h4>\n            <\/div>\n            <div class=\"col-sm-3 col-xs-6\">\n              <div class=\"vl-img\">\n                <img src=\"\/wp-content\/themes\/phodong\/media\/vl\/gt-icon-tiep-giap-song.png\">\n              <\/div>\n              <h3>TI\u1ebeP GI\u00c1P S\u00d4NG<\/h3>\n              <h4><strong>R\u1ea1ch Chi\u1ebfc<\/strong><\/h4>\n            <\/div>\n            <div class=\"col-sm-3 col-xs-6\">\n              <div class=\"vl-img\">\n                <img src=\"\/wp-content\/themes\/phodong\/media\/vl\/gt-icon-pho-vuon.png\">\n              <\/div>\n              <h3>Bi\u1ec7t th\u1ef1 Ph\u1ed1 v\u01b0\u1eddn<\/h3>\n              <h4><strong>288<\/strong> c\u0103n<\/h4>\n            <\/div>\n            <div class=\"col-sm-3 col-xs-6\">\n              <div class=\"vl-img\">\n                <img src=\"\/wp-content\/themes\/phodong\/media\/vl\/gt-icon-nha-pho.png\">\n              <\/div>\n              <h3>Nh\u00e0 Ph\u1ed1<\/h3>\n              <h4><strong>98<\/strong> c\u0103n<\/h4>\n            <\/div>\n            <div class=\"col-sm-3 col-xs-6\">\n              <div class=\"vl-img\">\n                <img src=\"\/wp-content\/themes\/phodong\/media\/vl\/gt-icon-don-lap.png\">\n              <\/div>\n              <h3>BI\u1ec6T TH\u1ef0 \u0110\u01a0N L\u1eacP<\/h3>\n              <h4><strong>120<\/strong> c\u0103n<\/h4>\n            <\/div>\n            <div class=\"col-sm-3 col-xs-6\">\n              <div class=\"vl-img\">\n                <img src=\"\/wp-content\/themes\/phodong\/media\/vl\/gt-icon-song-lap.png\">\n              <\/div>\n              <h3>BI\u1ec6T TH\u1ef0 SONG L\u1eacP<\/h3>\n              <h4><strong>100<\/strong> c\u0103n<\/h4>\n            <\/div>\n          <\/div>\n        <\/div>\n      <\/div>\n        <div class=\"col-md-4 hidden-sm hidden-xs vl-about-image\" style=\"\">\n          <div style=\"height: 770px; position: relative;\">\n          <div class=\"jquery-center\" style=\"height: 611px; position: absolute; left: 0px; right: 0px; bottom: 0px; top: 0px; margin: auto;\"><img src=\"\/wp-content\/themes\/phodong\/media\/img\/about-us.png\" style=\"\n            width: 500px;\n            max-width: 500px;\n            \"><\/div>\n          <\/div>\n        <\/div>\n    <\/div>\n  <\/div>\n<\/div>\n\t\t<\/div><\/div><\/div><\/div><div id=\"pg-277-2\"  class=\"panel-grid panel-has-style\" ><div class=\"siteorigin-panels-stretch panel-row-style panel-row-style-for-277-2\" id=\"area-nha-phodong\" data-stretch-type=\"full-stretched\" ><div id=\"pgc-277-2-0\"  class=\"panel-grid-cell\" ><div id=\"panel-277-2-0-0\" class=\"so-panel widget widget_text panel-first-child panel-last-child\" data-index=\"2\" ><div class=\"panel-widget-style panel-widget-style-for-277-2-0-0\" >\t\t\t<div class=\"textwidget\"><div class=\"row\">\n    <div class=\"product-about\" style=\"background-color: #0d6c4c; padding-top: 10px;\">\n\t  <div class=\"grid-product text-center clearfix\">\n\t\t<div class=\"col-xs-6 product\" onclick=\"window.location='\/nha-pho'\">\n\t\t  <h3 style=\"line-height: 30px; font-size: 14px;\">Nh\u00e0 Ph\u1ed1<\/h3>\n\t\t<\/div>\n\t\t<div class=\"col-xs-6 product\" onclick=\"window.location='\/biet-thu-pho-vuon'\">\n\t\t  <h3 style=\"line-height: 30px; font-size: 14px;\">Bi\u1ec7t th\u1ef1 ph\u1ed1 v\u01b0\u1eddn<\/h3>\n\t\t<\/div>\n\t\t<div class=\"col-xs-6 product\" onclick=\"window.location='\/biet-thu-song-lap'\">\n\t\t  <h3 style=\"line-height: 30px; font-size: 14px;\">Bi\u1ec7t th\u1ef1 song l\u1eadp<\/h3>\n\t\t<\/div>\n\t\t<div class=\"col-xs-6 product\" onclick=\"window.location='\/biet-thu-don-lap'\">\n\t\t  <h3 style=\"line-height: 30px; font-size: 14px;\">Bi\u1ec7t th\u1ef1 \u0111\u01a1n l\u1eadp<\/h3>\n\t\t<\/div>\n\t  <\/div>\n    <\/div>\n<\/div>\n<div id=\"carousel-area-nha-phodong\" class=\"carousel slide\" data-ride=\"carousel\">\n  <div class=\"carousel-inner\" role=\"listbox\">\n    <div class=\"item active\">\n      <img src=\"\/wp-content\/uploads\/2017\/03\/don-lap.jpg\" style=\"width: 100%;\">\n    <\/div>\n    <div class=\"item\">\n      <img src=\"\/wp-content\/uploads\/2017\/03\/nha-pho.jpg\" style=\"width: 100%;\">\n    <\/div>\n    <div class=\"item\">\n      <img src=\"\/wp-content\/uploads\/2017\/03\/pho-vuon.jpg\" style=\"width: 100%;\">\n    <\/div>\n    <div class=\"item\">\n      <img src=\"\/wp-content\/uploads\/2017\/03\/song-lap.jpg\" style=\"width: 100%;\">\n    <\/div>\n  <\/div>\n<\/div><\/div>\n\t\t<\/div><\/div><\/div><\/div><\/div><div id=\"pg-277-3\"  class=\"panel-grid panel-has-style\" ><div class=\"siteorigin-panels-stretch panel-row-style panel-row-style-for-277-3\" data-stretch-type=\"full-stretched\" ><div id=\"pgc-277-3-0\"  class=\"panel-grid-cell\" ><div id=\"panel-277-3-0-0\" class=\"so-panel widget widget_text panel-first-child panel-last-child\" data-index=\"3\" ><div class=\"panel-widget-style panel-widget-style-for-277-3-0-0\" >\t\t\t<div class=\"textwidget\"><div class=\"row\">\n  <div class=\"col-lg-5 col-md-5 col-sm-6 col-xs-12\">\n      <div class=\"container-project\">\n        <div class=\"content-title bounceInLeft animated\">\n          <img src=\"\/wp-content\/themes\/phodong\/media\/img\/icon\/about-heading.png\" alt=\"\">\n          <h4>TI\u1ec6N \u00cdCH NGO\u1ea0I KHU<\/h4>\n          <span><\/span>\n        <\/div>\n      <\/div>\n      <div class=\"project-text\" style=\"padding-top: 20px;\">\n      <\/div>\n    <\/div>\n  <\/div>\n<\/div><\/div>\n\t\t<\/div><\/div><\/div><\/div><\/div><div id=\"pg-277-4\"  class=\"panel-grid panel-has-style\" ><div class=\"siteorigin-panels-stretch panel-row-style panel-row-style-for-277-4\" data-stretch-type=\"full-stretched\" ><div id=\"pgc-277-4-0\"  class=\"panel-grid-cell\" ><div id=\"panel-277-4-0-0\" class=\"so-panel widget widget_text panel-first-child panel-last-child\" data-index=\"4\" ><div class=\"panel-widget-style panel-widget-style-for-277-4-0-0\" >\t\t\t<div class=\"textwidget\"><div class=\"row\">\n    <img src=\"\/wp-content\/themes\/phodong\/media\/tien-ich\/ngoai-khu-phut.png\" style=\"width: 100%;\" \/>\n<\/div><\/div>\n\t\t<\/div><\/div><\/div><\/div><\/div><\/div>","protected":false},"excerpt":{"rendered":"<p>Previous Next Gi\u1edbi thi\u1ec7u T\u1eeb quan ni\u1ec7m phong th\u1ee7y c\u1ee7a \u00d0\u00f4ng Ph\u01b0\u01a1ng: ph\u00eda \u00d0\u00f4ng mang h\u00e0nh M\u1ed9c t\u01b0\u01a1i t\u1eafn, t\u01b0\u1ee3ng tr\u01b0ng l\u00e0 R\u1ed3ng quy\u1ec1n uy, bi\u1ec3u hi\u1ec7n cho m\u00f9a Xu\u00e2n sinh s\u00f4i v\u1ea1n v\u1eadt. \u00d0\u1ed3ng th\u1eddi, c\u00e1c ki\u1ebfn tr\u00fac s\u01b0 t\u00e0i hoa c\u1ee7a PhoDong Village \u0111\u00e3 \u1ee9ng d\u1ee5ng tr\u1ecdn v\u1eb9n tri\u1ebft l\u00fd l\u01b0u chuy\u1ec3n gi\u1eefa [&hellip;]<\/p>\n","protected":false},"author":2,"featured_media":0,"parent":0,"menu_order":0,"comment_status":"closed","ping_status":"closed","template":"phodongmobie.php","meta":[],"_links":{"self":[{"href":"https:\/\/phodongvillage.com\/en\/wp-json\/wp\/v2\/pages\/277"}],"collection":[{"href":"https:\/\/phodongvillage.com\/en\/wp-json\/wp\/v2\/pages"}],"about":[{"href":"https:\/\/phodongvillage.com\/en\/wp-json\/wp\/v2\/types\/page"}],"author":[{"embeddable":true,"href":"https:\/\/phodongvillage.com\/en\/wp-json\/wp\/v2\/users\/2"}],"replies":[{"embeddable":true,"href":"https:\/\/phodongvillage.com\/en\/wp-json\/wp\/v2\/comments?post=277"}],"version-history":[{"count":69,"href":"https:\/\/phodongvillage.com\/en\/wp-json\/wp\/v2\/pages\/277\/revisions"}],"predecessor-version":[{"id":3845,"href":"https:\/\/phodongvillage.com\/en\/wp-json\/wp\/v2\/pages\/277\/revisions\/3845"}],"wp:attachment":[{"href":"https:\/\/phodongvillage.com\/en\/wp-json\/wp\/v2\/media?parent=277"}],"curies":[{"name":"wp","href":"https:\/\/api.w.org\/{rel}","templated":true}]}}