{"id":305,"date":"2017-01-15T23:50:28","date_gmt":"2017-01-15T23:50:28","guid":{"rendered":"http:\/\/duan.phodongvillage.com\/?page_id=305"},"modified":"2017-07-13T10:37:45","modified_gmt":"2017-07-13T03:37:45","slug":"video","status":"publish","type":"page","link":"https:\/\/phodongvillage.com\/en\/video\/","title":{"rendered":"Video"},"content":{"rendered":"<div id=\"pl-305\"  class=\"panel-layout\" ><div id=\"pg-305-0\"  class=\"panel-grid panel-no-style\" ><div id=\"pgc-305-0-0\"  class=\"panel-grid-cell\" ><div id=\"panel-305-0-0-0\" class=\"so-panel widget widget_pd-video panel-first-child panel-last-child\" data-index=\"0\" ><div\n\t\t\t\n\t\t\tclass=\"so-widget-pd-video so-widget-pd-video-default-d75171398898-305\"\n\t\t\t\n\t\t>\t\t<div class=\"container\">\n\t\t<div class=\"\" style=\"padding-top: 20px;\">\n\t\t\t<div class=\"content-traffic-title bounceInLeft animated\">\n\t\t\t\t<h1>(Ti\u1ebfng Vi\u1ec7t) KHU \u0110\u00d4NG TP.HCM D\u1eaaN \u0110\u1ea6U PH\u00c2N KH\u00daC NH\u00c0 PH\u1ed0, BI\u1ec6T TH\u1ef0 QU\u00dd II 2018<\/h1>\n\t\t\t<\/div>\n\t\t\t<div class=\"text-detail\">\n\t\t\t\t<iframe width=\"560\" height=\"315\" src=\"https:\/\/www.youtube.com\/embed\/v9MUKdijXCg\" frameborder=\"0\" allow=\"autoplay; encrypted-media\" allowfullscreen><\/iframe>\t\t\t<\/div>\n\t\t<\/div>\n\t<\/div>\n<div class=\"container\" style=\"margin-top: 20px;\">\n\t<div class=\"loop owl-carousel owl-theme\">\n\t\t\t\t\t<div>\n\t\t\t\t<a href=\"https:\/\/phodongvillage.com\/en\/clip\/khu-dong-tp-hcm-dan-dau-phan-khuc-nha-pho-biet-thu-quy-ii-2018\/\" title=\"(Ti\u1ebfng Vi\u1ec7t) KHU \u0110\u00d4NG TP.HCM D\u1eaaN \u0110\u1ea6U PH\u00c2N KH\u00daC NH\u00c0 PH\u1ed0, BI\u1ec6T TH\u1ef0 QU\u00dd II 2018\">\n\t\t\t\t\t<img width=\"172\" height=\"172\" src=\"https:\/\/phodongvillage.com\/wp-content\/uploads\/2018\/07\/IMG_9854-243x243.jpg\" class=\"attachment-172x172 size-172x172 wp-post-image\" alt=\"\" decoding=\"async\" loading=\"lazy\" srcset=\"https:\/\/phodongvillage.com\/wp-content\/uploads\/2018\/07\/IMG_9854-243x243.jpg 243w, https:\/\/phodongvillage.com\/wp-content\/uploads\/2018\/07\/IMG_9854-150x150.jpg 150w\" sizes=\"(max-width: 172px) 100vw, 172px\" \/>\t\t\t\t<\/a>\n\t\t\t<\/div>\n\t\t\t\t\t<div>\n\t\t\t\t<a href=\"https:\/\/phodongvillage.com\/en\/clip\/video-clip-le-khoi-cong-khu-biet-thu-compound-cao-cap-sol-villas\/\" title=\"[VIDEO CLIP] L\u1ec4 KH\u1edeI C\u00d4NG KHU BI\u1ec6T TH\u1ef0 COMPOUND CAO C\u1ea4P SOL VILLAS\">\n\t\t\t\t\t<img width=\"172\" height=\"172\" src=\"https:\/\/phodongvillage.com\/wp-content\/uploads\/2018\/07\/IMG_9888-243x243.jpg\" class=\"attachment-172x172 size-172x172 wp-post-image\" alt=\"\" decoding=\"async\" loading=\"lazy\" srcset=\"https:\/\/phodongvillage.com\/wp-content\/uploads\/2018\/07\/IMG_9888-243x243.jpg 243w, https:\/\/phodongvillage.com\/wp-content\/uploads\/2018\/07\/IMG_9888-150x150.jpg 150w\" sizes=\"(max-width: 172px) 100vw, 172px\" \/>\t\t\t\t<\/a>\n\t\t\t<\/div>\n\t\t\t\t\t<div>\n\t\t\t\t<a href=\"https:\/\/phodongvillage.com\/en\/clip\/video-clip-yoga-xanh-va-nhung-khoanh-khac-dep\/\" title=\"(Ti\u1ebfng Vi\u1ec7t) [VIDEO CLIP] \u201cYOGA XANH\u201d V\u00c0 NH\u1eeeNG KHO\u1ea2NH KH\u1eaeC \u0110\u1eb8P\">\n\t\t\t\t\t<img width=\"172\" height=\"172\" src=\"https:\/\/phodongvillage.com\/wp-content\/uploads\/2017\/08\/19-243x243.png\" class=\"attachment-172x172 size-172x172 wp-post-image\" alt=\"\" decoding=\"async\" loading=\"lazy\" srcset=\"https:\/\/phodongvillage.com\/wp-content\/uploads\/2017\/08\/19-243x243.png 243w, https:\/\/phodongvillage.com\/wp-content\/uploads\/2017\/08\/19-150x150.png 150w\" sizes=\"(max-width: 172px) 100vw, 172px\" \/>\t\t\t\t<\/a>\n\t\t\t<\/div>\n\t\t\t\t\t<div>\n\t\t\t\t<a href=\"https:\/\/phodongvillage.com\/en\/clip\/vui-hoc-khieu-vu-cung-vu-dieu-phodong-village-2017\/\" title=\"(Ti\u1ebfng Vi\u1ec7t) [VIDEO CLIP] VUI H\u1eccC KHI\u00caU V\u0168 C\u00d9NG \u201cV\u0168 \u0110I\u1ec6U PHODONG VILLAGE 2017\u2019\u2019\">\n\t\t\t\t\t<img width=\"172\" height=\"172\" src=\"https:\/\/phodongvillage.com\/wp-content\/uploads\/2017\/08\/12-243x243.png\" class=\"attachment-172x172 size-172x172 wp-post-image\" alt=\"\" decoding=\"async\" loading=\"lazy\" srcset=\"https:\/\/phodongvillage.com\/wp-content\/uploads\/2017\/08\/12-243x243.png 243w, https:\/\/phodongvillage.com\/wp-content\/uploads\/2017\/08\/12-150x150.png 150w\" sizes=\"(max-width: 172px) 100vw, 172px\" \/>\t\t\t\t<\/a>\n\t\t\t<\/div>\n\t\t\t\t\t<div>\n\t\t\t\t<a href=\"https:\/\/phodongvillage.com\/en\/clip\/video-clip-chuc-mung-ngay-gia-dinh-viet-nam-2017\/\" title=\"[VIDEO CLIP] CH\u00daC M\u1eeaNG NG\u00c0Y GIA \u0110\u00ccNH VI\u1ec6T NAM 2017\">\n\t\t\t\t\t<img width=\"172\" height=\"172\" src=\"https:\/\/phodongvillage.com\/wp-content\/uploads\/2017\/06\/19-243x243.jpg\" class=\"attachment-172x172 size-172x172 wp-post-image\" alt=\"\" decoding=\"async\" loading=\"lazy\" srcset=\"https:\/\/phodongvillage.com\/wp-content\/uploads\/2017\/06\/19-243x243.jpg 243w, https:\/\/phodongvillage.com\/wp-content\/uploads\/2017\/06\/19-150x150.jpg 150w\" sizes=\"(max-width: 172px) 100vw, 172px\" \/>\t\t\t\t<\/a>\n\t\t\t<\/div>\n\t\t\t\t\t<div>\n\t\t\t\t<a href=\"https:\/\/phodongvillage.com\/en\/clip\/video-clip-mua-nha-o-ngay-kim-cuong-trao-tay\/\" title=\"(Ti\u1ebfng Vi\u1ec7t) [VIDEO CLIP] MUA NH\u00c0 \u1ede NGAY, KIM C\u01af\u01a0NG TRAO TAY\">\n\t\t\t\t\t<img width=\"172\" height=\"172\" src=\"https:\/\/phodongvillage.com\/wp-content\/uploads\/2017\/04\/1_8_BannerOnline_CoverZalo2-243x243.jpg\" class=\"attachment-172x172 size-172x172 wp-post-image\" alt=\"\" decoding=\"async\" loading=\"lazy\" srcset=\"https:\/\/phodongvillage.com\/wp-content\/uploads\/2017\/04\/1_8_BannerOnline_CoverZalo2-243x243.jpg 243w, https:\/\/phodongvillage.com\/wp-content\/uploads\/2017\/04\/1_8_BannerOnline_CoverZalo2-150x150.jpg 150w\" sizes=\"(max-width: 172px) 100vw, 172px\" \/>\t\t\t\t<\/a>\n\t\t\t<\/div>\n\t\t\t<\/div>\n<\/div>\n<\/div><\/div><\/div><\/div><\/div>","protected":false},"excerpt":{"rendered":"<p>updating&#8230;..&#8221;><\/p>\n","protected":false},"author":2,"featured_media":0,"parent":0,"menu_order":0,"comment_status":"closed","ping_status":"closed","template":"","meta":[],"_links":{"self":[{"href":"https:\/\/phodongvillage.com\/en\/wp-json\/wp\/v2\/pages\/305"}],"collection":[{"href":"https:\/\/phodongvillage.com\/en\/wp-json\/wp\/v2\/pages"}],"about":[{"href":"https:\/\/phodongvillage.com\/en\/wp-json\/wp\/v2\/types\/page"}],"author":[{"embeddable":true,"href":"https:\/\/phodongvillage.com\/en\/wp-json\/wp\/v2\/users\/2"}],"replies":[{"embeddable":true,"href":"https:\/\/phodongvillage.com\/en\/wp-json\/wp\/v2\/comments?post=305"}],"version-history":[{"count":5,"href":"https:\/\/phodongvillage.com\/en\/wp-json\/wp\/v2\/pages\/305\/revisions"}],"predecessor-version":[{"id":1012,"href":"https:\/\/phodongvillage.com\/en\/wp-json\/wp\/v2\/pages\/305\/revisions\/1012"}],"wp:attachment":[{"href":"https:\/\/phodongvillage.com\/en\/wp-json\/wp\/v2\/media?parent=305"}],"curies":[{"name":"wp","href":"https:\/\/api.w.org\/{rel}","templated":true}]}}