{"id":441,"date":"2017-01-20T01:49:33","date_gmt":"2017-01-20T01:49:33","guid":{"rendered":"http:\/\/duan.phodongvillage.com\/?page_id=441"},"modified":"2017-03-26T04:52:04","modified_gmt":"2017-03-26T04:52:04","slug":"nha-pho","status":"publish","type":"page","link":"https:\/\/phodongvillage.com\/en\/nha-pho\/","title":{"rendered":"Nh\u00e0 Ph\u1ed1"},"content":{"rendered":"<div id=\"pl-441\"  class=\"panel-layout\" ><div id=\"pg-441-0\"  class=\"panel-grid panel-no-style\" ><div id=\"pgc-441-0-0\"  class=\"panel-grid-cell\" ><div id=\"panel-441-0-0-0\" class=\"so-panel widget widget_pd-housetype panel-first-child panel-last-child\" data-index=\"0\" ><div\n\t\t\t\n\t\t\tclass=\"so-widget-pd-housetype so-widget-pd-housetype-default-d75171398898-441\"\n\t\t\t\n\t\t>\n\n\n <div class=\"\" style=\"width:100%\">\n\t<div class=\"content-traffic-title bounceInLeft animated\">\n\t\t<h2 style=\"margin: 30px 0 0 30px\">Nh\u00e0 Ph\u1ed1<\/h2>\n\t<\/div>\n\t<div class=\"col-md-5 center\" style=\"padding:0px;\">\t\n\t<div class=\"owl-carousel carousel-vl-tien-ich-ngoai-khu\">\n\t\t\t\t<div>\n\t\t\t<div class=\"vl-tien-ich-ngoai-khu\">\n\t\t\t\t<a style=\"cursor: pointer;\" onclick=\"$('#tab-trang-con > div').hide(); $('#tab-0').fadeIn();\">\n\t\t\t\t\t<div class=\"bg-image\">\n\t\t\t\t\t\t<div class=\"image\" style=\"background-image: url(https:\/\/phodongvillage.com\/wp-content\/uploads\/2017\/02\/nhapho-d2-3-243x172.jpg);\"><\/div>\n\t\t\t\t\t<\/div>\n\t\t\t\t\t\t<div class=\"title\" ><p >D2-3<\/p><\/div>\n\t\t\t\t<\/a>\n\t\t\t<\/div>\n\t\t<\/div>\n\t\t\t\t<div>\n\t\t\t<div class=\"vl-tien-ich-ngoai-khu\">\n\t\t\t\t<a style=\"cursor: pointer;\" onclick=\"$('#tab-trang-con > div').hide(); $('#tab-1').fadeIn();\">\n\t\t\t\t\t<div class=\"bg-image\">\n\t\t\t\t\t\t<div class=\"image\" style=\"background-image: url(https:\/\/phodongvillage.com\/wp-content\/uploads\/2017\/02\/nhapho-d2-2-243x124.jpg);\"><\/div>\n\t\t\t\t\t<\/div>\n\t\t\t\t\t\t<div class=\"title\" ><p >D2-2<\/p><\/div>\n\t\t\t\t<\/a>\n\t\t\t<\/div>\n\t\t<\/div>\n\t\t\t\t<div>\n\t\t\t<div class=\"vl-tien-ich-ngoai-khu\">\n\t\t\t\t<a style=\"cursor: pointer;\" onclick=\"$('#tab-trang-con > div').hide(); $('#tab-2').fadeIn();\">\n\t\t\t\t\t<div class=\"bg-image\">\n\t\t\t\t\t\t<div class=\"image\" style=\"background-image: url(https:\/\/phodongvillage.com\/wp-content\/uploads\/2017\/02\/nhapho-d2-1-243x121.jpg);\"><\/div>\n\t\t\t\t\t<\/div>\n\t\t\t\t\t\t<div class=\"title\" ><p >D2-1<\/p><\/div>\n\t\t\t\t<\/a>\n\t\t\t<\/div>\n\t\t<\/div>\n\t\t\t\t<div>\n\t\t\t<div class=\"vl-tien-ich-ngoai-khu\">\n\t\t\t\t<a style=\"cursor: pointer;\" onclick=\"$('#tab-trang-con > div').hide(); $('#tab-3').fadeIn();\">\n\t\t\t\t\t<div class=\"bg-image\">\n\t\t\t\t\t\t<div class=\"image\" style=\"background-image: url(https:\/\/phodongvillage.com\/wp-content\/uploads\/2017\/02\/nhapho-d1-3-243x189.jpg);\"><\/div>\n\t\t\t\t\t<\/div>\n\t\t\t\t\t\t<div class=\"title\" ><p >D1.3<\/p><\/div>\n\t\t\t\t<\/a>\n\t\t\t<\/div>\n\t\t<\/div>\n\t\t\t\t<div>\n\t\t\t<div class=\"vl-tien-ich-ngoai-khu\">\n\t\t\t\t<a style=\"cursor: pointer;\" onclick=\"$('#tab-trang-con > div').hide(); $('#tab-4').fadeIn();\">\n\t\t\t\t\t<div class=\"bg-image\">\n\t\t\t\t\t\t<div class=\"image\" style=\"background-image: url(https:\/\/phodongvillage.com\/wp-content\/uploads\/2017\/02\/nhapho-d1-2-243x161.jpg);\"><\/div>\n\t\t\t\t\t<\/div>\n\t\t\t\t\t\t<div class=\"title\" ><p >D1.2<\/p><\/div>\n\t\t\t\t<\/a>\n\t\t\t<\/div>\n\t\t<\/div>\n\t\t\t\t<div>\n\t\t\t<div class=\"vl-tien-ich-ngoai-khu\">\n\t\t\t\t<a style=\"cursor: pointer;\" onclick=\"$('#tab-trang-con > div').hide(); $('#tab-5').fadeIn();\">\n\t\t\t\t\t<div class=\"bg-image\">\n\t\t\t\t\t\t<div class=\"image\" style=\"background-image: url(https:\/\/phodongvillage.com\/wp-content\/uploads\/2017\/02\/nhapho-d1-1b-243x192.jpg);\"><\/div>\n\t\t\t\t\t<\/div>\n\t\t\t\t\t\t<div class=\"title\" ><p >D1.1B<\/p><\/div>\n\t\t\t\t<\/a>\n\t\t\t<\/div>\n\t\t<\/div>\n\t\t\t\t<div>\n\t\t\t<div class=\"vl-tien-ich-ngoai-khu\">\n\t\t\t\t<a style=\"cursor: pointer;\" onclick=\"$('#tab-trang-con > div').hide(); $('#tab-6').fadeIn();\">\n\t\t\t\t\t<div class=\"bg-image\">\n\t\t\t\t\t\t<div class=\"image\" style=\"background-image: url(https:\/\/phodongvillage.com\/wp-content\/uploads\/2017\/02\/nhapho-d1-1a.jpg);\"><\/div>\n\t\t\t\t\t<\/div>\n\t\t\t\t\t\t<div class=\"title\" ><p >D1-1A<\/p><\/div>\n\t\t\t\t<\/a>\n\t\t\t<\/div>\n\t\t<\/div>\n\t\t\t<\/div><\/div>\n\t<\/div>\n\t\n<div id=\"tab-trang-con\">\n<div id=\"tab-0\" class=\"\" style=\"float:left;width:100%;\">\n\t<div class=\"col-md-5\" id=\"area-nha-phodong\" style=\"padding:0px;\" >\n\t\t<div class=\"col-md-8\" style=\" float: none;\">\n\t\t<div class=\"vl-product-description\">\n<fieldset>\n<legend>Nh\u00e0 Ph\u1ed1 D2-3<\/legend>\n<div class=\"content\">\n<table class=\"table table-bordered\">\n<tbody>\n<tr>\n<td>Di\u1ec7n T\u00edch Khu\u00f4n Vi\u00ean<\/td>\n<td>100 m\u00b2<\/td>\n<\/tr>\n<tr>\n<td>T\u1ed5ng Di\u1ec7n T\u00edch S\u00e0n<\/td>\n<td>344,1 m\u00b2<\/td>\n<\/tr>\n<tr>\n<td> &#8211; Di\u1ec7n T\u00edch S\u00e0n 1<\/td>\n<td>77,5 m\u00b2<\/td>\n<\/tr>\n<tr>\n<td> &#8211; Di\u1ec7n T\u00edch S\u00e0n 2<\/td>\n<td>40,7 m\u00b2<\/td>\n<\/tr>\n<tr>\n<td> &#8211; Di\u1ec7n T\u00edch S\u00e0n 3<\/td>\n<td>78,15 m\u00b2<\/td>\n<\/tr>\n<tr>\n<td> &#8211; Di\u1ec7n T\u00edch S\u00e0n 4<\/td>\n<td>78,15 m\u00b2<\/td>\n<\/tr>\n<tr>\n<td>Di\u1ec7n T\u00edch M\u00e1i &amp; \u00d4 V\u0103ng<\/td>\n<td>69,6 m\u00b2<\/td>\n<\/tr>\n<tr>\n<td>M\u1eadt \u0110\u1ed9 X\u00e2y D\u1ef1ng<\/td>\n<td>78%<\/td>\n<\/tr>\n<tr>\n<td>H\u1ec7 S\u1ed1 S\u1eed D\u1ee5ng \u0110\u1ea5t<\/td>\n<td>2,75<\/td>\n<\/tr>\n<\/tbody>\n<\/table><\/div>\n<\/fieldset><\/div>\n\t\t<\/div>\n\t<\/div>\n\t\n\t<div class=\"col-md-7\">\n\t\t<div id=\"carousel-tab-0\" class=\"carousel slide\" data-ride=\"carousel\">\n\t\t\t<div class=\"carousel-inner\" role=\"listbox\">\n\t\t\t\t\t\t\t<div class=\"item active\">\n\t\t\t\t\t<img src=\"https:\/\/phodongvillage.com\/wp-content\/uploads\/2017\/02\/nha-pho-1.jpg\">\n\t\t\t\t<\/div>\n\t\t\t\t\t\t\t\t<div class=\"item\">\n\t\t\t\t\t<img src=\"https:\/\/phodongvillage.com\/wp-content\/uploads\/2017\/02\/nhapho-d2-3-2.jpg\">\n\t\t\t\t<\/div>\n\t\t\t\t\t\t\t\t<div class=\"item\">\n\t\t\t\t\t<img src=\"https:\/\/phodongvillage.com\/wp-content\/uploads\/2017\/02\/nhapho-d2-3-3.jpg\">\n\t\t\t\t<\/div>\n\t\t\t\t\t\t\t\t<div class=\"item\">\n\t\t\t\t\t<img src=\"https:\/\/phodongvillage.com\/wp-content\/uploads\/2017\/02\/nhapho-d2-3-4.jpg\">\n\t\t\t\t<\/div>\n\t\t\t\t\t\t\t\t<div class=\"item\">\n\t\t\t\t\t<img src=\"https:\/\/phodongvillage.com\/wp-content\/uploads\/2017\/02\/nhapho-d2-3-1.jpg\">\n\t\t\t\t<\/div>\n\t\t\t\t\t\t\t\t\t\t<\/div>\n\t\t\t<a class=\"left carousel-control\" href=\"#carousel-tab-0\" role=\"button\" data-slide=\"prev\">\n\t\t\t\t<span class=\"glyphicon glyphicon-chevron-left\" aria-hidden=\"true\"><\/span>\n\t\t\t\t<span class=\"sr-only\">Previous<\/span>\n\t\t\t<\/a>\n\t\t\t<a class=\"right carousel-control\" href=\"#carousel-tab-0\" role=\"button\" data-slide=\"next\">\n\t\t\t\t<span class=\"glyphicon glyphicon-chevron-right\" aria-hidden=\"true\"><\/span>\n\t\t\t\t<span class=\"sr-only\">Next<\/span>\n\t\t\t<\/a>\n\t\t<\/div>\n\t<\/div>\n\n<\/div>\n<div id=\"tab-1\" class=\"\" style=\"float:left;width:100%;\">\n\t<div class=\"col-md-5\" id=\"area-nha-phodong\" style=\"padding:0px;\" >\n\t\t<div class=\"col-md-8\" style=\" float: none;\">\n\t\t<div class=\"vl-product-description\">\n<fieldset>\n<legend>Nh\u00e0 Ph\u1ed1 D1-1B<\/legend>\n<div class=\"content\">\n<p>\u0110ang c\u1eadp nh\u1eadt<\/p>\n<\/div>\n<\/fieldset>\n<\/div>\n\t\t<\/div>\n\t<\/div>\n\t\n\t<div class=\"col-md-7\">\n\t\t<div id=\"carousel-tab-1\" class=\"carousel slide\" data-ride=\"carousel\">\n\t\t\t<div class=\"carousel-inner\" role=\"listbox\">\n\t\t\t\t\t\t\t<div class=\"item active\">\n\t\t\t\t\t<img src=\"https:\/\/phodongvillage.com\/wp-content\/uploads\/2017\/02\/nha-pho-1.jpg\">\n\t\t\t\t<\/div>\n\t\t\t\t\t\t\t\t<div class=\"item\">\n\t\t\t\t\t<img src=\"https:\/\/phodongvillage.com\/wp-content\/uploads\/2017\/02\/nhapho-d2-2-2.jpg\">\n\t\t\t\t<\/div>\n\t\t\t\t\t\t\t\t<div class=\"item\">\n\t\t\t\t\t<img src=\"https:\/\/phodongvillage.com\/wp-content\/uploads\/2017\/02\/nhapho-d2-2-3.jpg\">\n\t\t\t\t<\/div>\n\t\t\t\t\t\t\t\t<div class=\"item\">\n\t\t\t\t\t<img src=\"https:\/\/phodongvillage.com\/wp-content\/uploads\/2017\/02\/nhapho-d2-2-4.jpg\">\n\t\t\t\t<\/div>\n\t\t\t\t\t\t\t\t<div class=\"item\">\n\t\t\t\t\t<img src=\"https:\/\/phodongvillage.com\/wp-content\/uploads\/2017\/02\/nhapho-d2-2-1.jpg\">\n\t\t\t\t<\/div>\n\t\t\t\t\t\t\t\t\t\t<\/div>\n\t\t\t<a class=\"left carousel-control\" href=\"#carousel-tab-1\" role=\"button\" data-slide=\"prev\">\n\t\t\t\t<span class=\"glyphicon glyphicon-chevron-left\" aria-hidden=\"true\"><\/span>\n\t\t\t\t<span class=\"sr-only\">Previous<\/span>\n\t\t\t<\/a>\n\t\t\t<a class=\"right carousel-control\" href=\"#carousel-tab-1\" role=\"button\" data-slide=\"next\">\n\t\t\t\t<span class=\"glyphicon glyphicon-chevron-right\" aria-hidden=\"true\"><\/span>\n\t\t\t\t<span class=\"sr-only\">Next<\/span>\n\t\t\t<\/a>\n\t\t<\/div>\n\t<\/div>\n\n<\/div>\n<div id=\"tab-2\" class=\"\" style=\"float:left;width:100%;\">\n\t<div class=\"col-md-5\" id=\"area-nha-phodong\" style=\"padding:0px;\" >\n\t\t<div class=\"col-md-8\" style=\" float: none;\">\n\t\t<div class=\"vl-product-description\">\n<fieldset>\n<legend>Nh\u00e0 Ph\u1ed1 D2-1<\/legend>\n<div class=\"content\">\n<p>\u0110ang c\u1eadp nh\u1eadt<\/p>\n<\/p><\/div>\n<\/fieldset><\/div>\n\t\t<\/div>\n\t<\/div>\n\t\n\t<div class=\"col-md-7\">\n\t\t<div id=\"carousel-tab-2\" class=\"carousel slide\" data-ride=\"carousel\">\n\t\t\t<div class=\"carousel-inner\" role=\"listbox\">\n\t\t\t\t\t\t\t<div class=\"item active\">\n\t\t\t\t\t<img src=\"https:\/\/phodongvillage.com\/wp-content\/uploads\/2017\/02\/nha-pho-1.jpg\">\n\t\t\t\t<\/div>\n\t\t\t\t\t\t\t\t<div class=\"item\">\n\t\t\t\t\t<img src=\"https:\/\/phodongvillage.com\/wp-content\/uploads\/2017\/02\/nhapho-d2-1-1.jpg\">\n\t\t\t\t<\/div>\n\t\t\t\t\t\t\t\t<div class=\"item\">\n\t\t\t\t\t<img src=\"https:\/\/phodongvillage.com\/wp-content\/uploads\/2017\/02\/nhapho-d2-1-2.jpg\">\n\t\t\t\t<\/div>\n\t\t\t\t\t\t\t\t<div class=\"item\">\n\t\t\t\t\t<img src=\"https:\/\/phodongvillage.com\/wp-content\/uploads\/2017\/02\/nhapho-d2-1-3.jpg\">\n\t\t\t\t<\/div>\n\t\t\t\t\t\t\t\t<div class=\"item\">\n\t\t\t\t\t<img src=\"https:\/\/phodongvillage.com\/wp-content\/uploads\/2017\/02\/nhapho-d2-1-4.jpg\">\n\t\t\t\t<\/div>\n\t\t\t\t\t\t\t\t\t\t<\/div>\n\t\t\t<a class=\"left carousel-control\" href=\"#carousel-tab-2\" role=\"button\" data-slide=\"prev\">\n\t\t\t\t<span class=\"glyphicon glyphicon-chevron-left\" aria-hidden=\"true\"><\/span>\n\t\t\t\t<span class=\"sr-only\">Previous<\/span>\n\t\t\t<\/a>\n\t\t\t<a class=\"right carousel-control\" href=\"#carousel-tab-2\" role=\"button\" data-slide=\"next\">\n\t\t\t\t<span class=\"glyphicon glyphicon-chevron-right\" aria-hidden=\"true\"><\/span>\n\t\t\t\t<span class=\"sr-only\">Next<\/span>\n\t\t\t<\/a>\n\t\t<\/div>\n\t<\/div>\n\n<\/div>\n<div id=\"tab-3\" class=\"\" style=\"float:left;width:100%;\">\n\t<div class=\"col-md-5\" id=\"area-nha-phodong\" style=\"padding:0px;\" >\n\t\t<div class=\"col-md-8\" style=\" float: none;\">\n\t\t<div class=\"vl-product-description\">\n<fieldset>\n<legend>Nh\u00e0 Ph\u1ed1 D1-3<\/legend>\n<div class=\"content\">\n<p>\u0110ang c\u1eadp nh\u1eadt<\/p>\n<\/p><\/div>\n<\/fieldset><\/div>\n\t\t<\/div>\n\t<\/div>\n\t\n\t<div class=\"col-md-7\">\n\t\t<div id=\"carousel-tab-3\" class=\"carousel slide\" data-ride=\"carousel\">\n\t\t\t<div class=\"carousel-inner\" role=\"listbox\">\n\t\t\t\t\t\t\t<div class=\"item active\">\n\t\t\t\t\t<img src=\"https:\/\/phodongvillage.com\/wp-content\/uploads\/2017\/02\/nha-pho-1.jpg\">\n\t\t\t\t<\/div>\n\t\t\t\t\t\t\t\t<div class=\"item\">\n\t\t\t\t\t<img src=\"https:\/\/phodongvillage.com\/wp-content\/uploads\/2017\/02\/nhapho-d1-3-1.jpg\">\n\t\t\t\t<\/div>\n\t\t\t\t\t\t\t\t<div class=\"item\">\n\t\t\t\t\t<img src=\"https:\/\/phodongvillage.com\/wp-content\/uploads\/2017\/02\/nhapho-d1-3-2.jpg\">\n\t\t\t\t<\/div>\n\t\t\t\t\t\t\t\t<div class=\"item\">\n\t\t\t\t\t<img src=\"https:\/\/phodongvillage.com\/wp-content\/uploads\/2017\/02\/nhapho-d1-3-3.jpg\">\n\t\t\t\t<\/div>\n\t\t\t\t\t\t\t\t<div class=\"item\">\n\t\t\t\t\t<img src=\"https:\/\/phodongvillage.com\/wp-content\/uploads\/2017\/02\/nhapho-d1-3-4.jpg\">\n\t\t\t\t<\/div>\n\t\t\t\t\t\t\t\t\t\t<\/div>\n\t\t\t<a class=\"left carousel-control\" href=\"#carousel-tab-3\" role=\"button\" data-slide=\"prev\">\n\t\t\t\t<span class=\"glyphicon glyphicon-chevron-left\" aria-hidden=\"true\"><\/span>\n\t\t\t\t<span class=\"sr-only\">Previous<\/span>\n\t\t\t<\/a>\n\t\t\t<a class=\"right carousel-control\" href=\"#carousel-tab-3\" role=\"button\" data-slide=\"next\">\n\t\t\t\t<span class=\"glyphicon glyphicon-chevron-right\" aria-hidden=\"true\"><\/span>\n\t\t\t\t<span class=\"sr-only\">Next<\/span>\n\t\t\t<\/a>\n\t\t<\/div>\n\t<\/div>\n\n<\/div>\n<div id=\"tab-4\" class=\"\" style=\"float:left;width:100%;\">\n\t<div class=\"col-md-5\" id=\"area-nha-phodong\" style=\"padding:0px;\" >\n\t\t<div class=\"col-md-8\" style=\" float: none;\">\n\t\t<div class=\"vl-product-description\">\n<fieldset>\n<legend>Nh\u00e0 Ph\u1ed1 D1-2<\/legend>\n<div class=\"content\">\n<table class=\"table table-bordered\">\n<tbody>\n<tr>\n<td>Di\u1ec7n T\u00edch Khu\u00f4n Vi\u00ean<\/td>\n<td>147,54 m\u00b2<\/td>\n<\/tr>\n<tr>\n<td>T\u1ed5ng Di\u1ec7n T\u00edch S\u00e0n<\/td>\n<td>539,21 m\u00b2<\/td>\n<\/tr>\n<tr>\n<td> &#8211; Di\u1ec7n T\u00edch S\u00e0n 1<\/td>\n<td>97,7 m\u00b2<\/td>\n<\/tr>\n<tr>\n<td> &#8211; Di\u1ec7n T\u00edch S\u00e0n 2<\/td>\n<td>113,07 m\u00b2<\/td>\n<\/tr>\n<tr>\n<td> &#8211; Di\u1ec7n T\u00edch S\u00e0n 3<\/td>\n<td>113,22 m\u00b2<\/td>\n<\/tr>\n<tr>\n<td> &#8211; Di\u1ec7n T\u00edch S\u00e0n 4<\/td>\n<td>113,22 m\u00b2<\/td>\n<\/tr>\n<tr>\n<td>Di\u1ec7n T\u00edch M\u00e1i &amp; \u00d4 V\u0103ng<\/td>\n<td>102 m\u00b2<\/td>\n<\/tr>\n<tr>\n<td>M\u1eadt \u0110\u1ed9 X\u00e2y D\u1ef1ng<\/td>\n<td>77%<\/td>\n<\/tr>\n<tr>\n<td>H\u1ec7 S\u1ed1 S\u1eed D\u1ee5ng \u0110\u1ea5t<\/td>\n<td>2,69<\/td>\n<\/tr>\n<\/tbody>\n<\/table>\n<\/div>\n<\/fieldset>\n<\/div>\n\t\t<\/div>\n\t<\/div>\n\t\n\t<div class=\"col-md-7\">\n\t\t<div id=\"carousel-tab-4\" class=\"carousel slide\" data-ride=\"carousel\">\n\t\t\t<div class=\"carousel-inner\" role=\"listbox\">\n\t\t\t\t\t\t\t<div class=\"item active\">\n\t\t\t\t\t<img src=\"https:\/\/phodongvillage.com\/wp-content\/uploads\/2017\/02\/nha-pho-1.jpg\">\n\t\t\t\t<\/div>\n\t\t\t\t\t\t\t\t<div class=\"item\">\n\t\t\t\t\t<img src=\"https:\/\/phodongvillage.com\/wp-content\/uploads\/2017\/02\/nhapho-d1-2-1.jpg\">\n\t\t\t\t<\/div>\n\t\t\t\t\t\t\t\t<div class=\"item\">\n\t\t\t\t\t<img src=\"https:\/\/phodongvillage.com\/wp-content\/uploads\/2017\/02\/nhapho-d1-2-2.jpg\">\n\t\t\t\t<\/div>\n\t\t\t\t\t\t\t\t<div class=\"item\">\n\t\t\t\t\t<img src=\"https:\/\/phodongvillage.com\/wp-content\/uploads\/2017\/02\/nhapho-d1-2-3.jpg\">\n\t\t\t\t<\/div>\n\t\t\t\t\t\t\t\t<div class=\"item\">\n\t\t\t\t\t<img src=\"https:\/\/phodongvillage.com\/wp-content\/uploads\/2017\/02\/nhapho-d1-2-4.jpg\">\n\t\t\t\t<\/div>\n\t\t\t\t\t\t\t\t\t\t<\/div>\n\t\t\t<a class=\"left carousel-control\" href=\"#carousel-tab-4\" role=\"button\" data-slide=\"prev\">\n\t\t\t\t<span class=\"glyphicon glyphicon-chevron-left\" aria-hidden=\"true\"><\/span>\n\t\t\t\t<span class=\"sr-only\">Previous<\/span>\n\t\t\t<\/a>\n\t\t\t<a class=\"right carousel-control\" href=\"#carousel-tab-4\" role=\"button\" data-slide=\"next\">\n\t\t\t\t<span class=\"glyphicon glyphicon-chevron-right\" aria-hidden=\"true\"><\/span>\n\t\t\t\t<span class=\"sr-only\">Next<\/span>\n\t\t\t<\/a>\n\t\t<\/div>\n\t<\/div>\n\n<\/div>\n<div id=\"tab-5\" class=\"\" style=\"float:left;width:100%;\">\n\t<div class=\"col-md-5\" id=\"area-nha-phodong\" style=\"padding:0px;\" >\n\t\t<div class=\"col-md-8\" style=\" float: none;\">\n\t\t<div class=\"vl-product-description\">\n<fieldset>\n<legend>Nh\u00e0 Ph\u1ed1 D1-1B<\/legend>\n<div class=\"content\">\n<p>\u0110ang c\u1eadp nh\u1eadt<\/p>\n<\/div>\n<\/fieldset>\n<\/div>\n\t\t<\/div>\n\t<\/div>\n\t\n\t<div class=\"col-md-7\">\n\t\t<div id=\"carousel-tab-5\" class=\"carousel slide\" data-ride=\"carousel\">\n\t\t\t<div class=\"carousel-inner\" role=\"listbox\">\n\t\t\t\t\t\t\t<div class=\"item active\">\n\t\t\t\t\t<img src=\"https:\/\/phodongvillage.com\/wp-content\/uploads\/2017\/02\/nha-pho-1.jpg\">\n\t\t\t\t<\/div>\n\t\t\t\t\t\t\t\t<div class=\"item\">\n\t\t\t\t\t<img src=\"https:\/\/phodongvillage.com\/wp-content\/uploads\/2017\/02\/nhapho-d1-1b-3.jpg\">\n\t\t\t\t<\/div>\n\t\t\t\t\t\t\t\t<div class=\"item\">\n\t\t\t\t\t<img src=\"https:\/\/phodongvillage.com\/wp-content\/uploads\/2017\/02\/nhapho-d1-1b-4.jpg\">\n\t\t\t\t<\/div>\n\t\t\t\t\t\t\t\t<div class=\"item\">\n\t\t\t\t\t<img src=\"https:\/\/phodongvillage.com\/wp-content\/uploads\/2017\/02\/nhapho-d1-1b-1.jpg\">\n\t\t\t\t<\/div>\n\t\t\t\t\t\t\t\t<div class=\"item\">\n\t\t\t\t\t<img src=\"https:\/\/phodongvillage.com\/wp-content\/uploads\/2017\/02\/nhapho-d1-1b-2.jpg\">\n\t\t\t\t<\/div>\n\t\t\t\t\t\t\t\t\t\t<\/div>\n\t\t\t<a class=\"left carousel-control\" href=\"#carousel-tab-5\" role=\"button\" data-slide=\"prev\">\n\t\t\t\t<span class=\"glyphicon glyphicon-chevron-left\" aria-hidden=\"true\"><\/span>\n\t\t\t\t<span class=\"sr-only\">Previous<\/span>\n\t\t\t<\/a>\n\t\t\t<a class=\"right carousel-control\" href=\"#carousel-tab-5\" role=\"button\" data-slide=\"next\">\n\t\t\t\t<span class=\"glyphicon glyphicon-chevron-right\" aria-hidden=\"true\"><\/span>\n\t\t\t\t<span class=\"sr-only\">Next<\/span>\n\t\t\t<\/a>\n\t\t<\/div>\n\t<\/div>\n\n<\/div>\n<div id=\"tab-6\" class=\"\" style=\"float:left;width:100%;\">\n\t<div class=\"col-md-5\" id=\"area-nha-phodong\" style=\"padding:0px;\" >\n\t\t<div class=\"col-md-8\" style=\" float: none;\">\n\t\t<div class=\"vl-product-description\">\n<fieldset>\n<legend>Nh\u00e0 Ph\u1ed1 D1-1A<\/legend>\n<div class=\"content\">\n<p>\u0110ang c\u1eadp nh\u1eadt<\/p>\n<\/div>\n<\/fieldset>\n<\/div>\n\t\t<\/div>\n\t<\/div>\n\t\n\t<div class=\"col-md-7\">\n\t\t<div id=\"carousel-tab-6\" class=\"carousel slide\" data-ride=\"carousel\">\n\t\t\t<div class=\"carousel-inner\" role=\"listbox\">\n\t\t\t\t\t\t\t<div class=\"item active\">\n\t\t\t\t\t<img src=\"https:\/\/phodongvillage.com\/wp-content\/uploads\/2017\/02\/nha-pho-1.jpg\">\n\t\t\t\t<\/div>\n\t\t\t\t\t\t\t\t<div class=\"item\">\n\t\t\t\t\t<img src=\"https:\/\/phodongvillage.com\/wp-content\/uploads\/2017\/02\/nhapho-d1-1a-1.jpg\">\n\t\t\t\t<\/div>\n\t\t\t\t\t\t\t\t<div class=\"item\">\n\t\t\t\t\t<img src=\"https:\/\/phodongvillage.com\/wp-content\/uploads\/2017\/02\/nhapho-d1-1a-2.jpg\">\n\t\t\t\t<\/div>\n\t\t\t\t\t\t\t\t<div class=\"item\">\n\t\t\t\t\t<img src=\"https:\/\/phodongvillage.com\/wp-content\/uploads\/2017\/02\/nhapho-d1-1a-3.jpg\">\n\t\t\t\t<\/div>\n\t\t\t\t\t\t\t\t<div class=\"item\">\n\t\t\t\t\t<img src=\"https:\/\/phodongvillage.com\/wp-content\/uploads\/2017\/02\/nhapho-d1-1a-4.jpg\">\n\t\t\t\t<\/div>\n\t\t\t\t\t\t\t\t\t\t<\/div>\n\t\t\t<a class=\"left carousel-control\" href=\"#carousel-tab-6\" role=\"button\" data-slide=\"prev\">\n\t\t\t\t<span class=\"glyphicon glyphicon-chevron-left\" aria-hidden=\"true\"><\/span>\n\t\t\t\t<span class=\"sr-only\">Previous<\/span>\n\t\t\t<\/a>\n\t\t\t<a class=\"right carousel-control\" href=\"#carousel-tab-6\" role=\"button\" data-slide=\"next\">\n\t\t\t\t<span class=\"glyphicon glyphicon-chevron-right\" aria-hidden=\"true\"><\/span>\n\t\t\t\t<span class=\"sr-only\">Next<\/span>\n\t\t\t<\/a>\n\t\t<\/div>\n\t<\/div>\n\n<\/div>\n\n\t\n<\/div>\n<div class=\"backhome-aroow\" style=\"display: block !Important;margin-left: 40px; float: left;width: 100%;\">\n\t\t<a  id=\"link\" href=\"https:\/\/phodongvillage.com\/en\/#3rdPage\/active\"><img src=\"http:\/\/phodongvillage.com\/wp-content\/themes\/phodong\/media\/img\/back-home.png\"><\/a>\n\n\t<\/div>\n<\/div><\/div><\/div><\/div><\/div>","protected":false},"excerpt":{"rendered":"<p>Sorry, this entry is only available in Vietnamese.<\/p>\n","protected":false},"author":2,"featured_media":0,"parent":0,"menu_order":0,"comment_status":"closed","ping_status":"closed","template":"","meta":[],"_links":{"self":[{"href":"https:\/\/phodongvillage.com\/en\/wp-json\/wp\/v2\/pages\/441"}],"collection":[{"href":"https:\/\/phodongvillage.com\/en\/wp-json\/wp\/v2\/pages"}],"about":[{"href":"https:\/\/phodongvillage.com\/en\/wp-json\/wp\/v2\/types\/page"}],"author":[{"embeddable":true,"href":"https:\/\/phodongvillage.com\/en\/wp-json\/wp\/v2\/users\/2"}],"replies":[{"embeddable":true,"href":"https:\/\/phodongvillage.com\/en\/wp-json\/wp\/v2\/comments?post=441"}],"version-history":[{"count":34,"href":"https:\/\/phodongvillage.com\/en\/wp-json\/wp\/v2\/pages\/441\/revisions"}],"predecessor-version":[{"id":1509,"href":"https:\/\/phodongvillage.com\/en\/wp-json\/wp\/v2\/pages\/441\/revisions\/1509"}],"wp:attachment":[{"href":"https:\/\/phodongvillage.com\/en\/wp-json\/wp\/v2\/media?parent=441"}],"curies":[{"name":"wp","href":"https:\/\/api.w.org\/{rel}","templated":true}]}}