{"id":493,"date":"2017-01-20T06:25:53","date_gmt":"2017-01-20T06:25:53","guid":{"rendered":"http:\/\/duan.phodongvillage.com\/?page_id=493"},"modified":"2017-03-26T08:03:25","modified_gmt":"2017-03-26T08:03:25","slug":"biet-thu-don-lap","status":"publish","type":"page","link":"https:\/\/phodongvillage.com\/en\/biet-thu-don-lap\/","title":{"rendered":"(Ti\u1ebfng Vi\u1ec7t) Bi\u1ec7t Th\u01b0 \u0110\u01a1n L\u1eadp"},"content":{"rendered":"<div id=\"pl-493\"  class=\"panel-layout\" ><div id=\"pg-493-0\"  class=\"panel-grid panel-no-style\" ><div id=\"pgc-493-0-0\"  class=\"panel-grid-cell\" ><div id=\"panel-493-0-0-0\" class=\"so-panel widget widget_pd-housetype panel-first-child panel-last-child\" data-index=\"0\" ><div\n\t\t\t\n\t\t\tclass=\"so-widget-pd-housetype so-widget-pd-housetype-default-d75171398898-493\"\n\t\t\t\n\t\t>\n\n\n <div class=\"\" style=\"width:100%\">\n\t<div class=\"content-traffic-title bounceInLeft animated\">\n\t\t<h2 style=\"margin: 30px 0 0 30px\">(Ti\u1ebfng Vi\u1ec7t) Bi\u1ec7t Th\u01b0 \u0110\u01a1n L\u1eadp<\/h2>\n\t<\/div>\n\t<div class=\"col-md-5 center\" style=\"padding:0px;\">\t\n\t<div class=\"owl-carousel carousel-vl-tien-ich-ngoai-khu\">\n\t\t\t\t<div>\n\t\t\t<div class=\"vl-tien-ich-ngoai-khu\">\n\t\t\t\t<a style=\"cursor: pointer;\" onclick=\"$('#tab-trang-con > div').hide(); $('#tab-0').fadeIn();\">\n\t\t\t\t\t<div class=\"bg-image\">\n\t\t\t\t\t\t<div class=\"image\" style=\"background-image: url();\"><\/div>\n\t\t\t\t\t<\/div>\n\t\t\t\t\t\t<div class=\"title\" ><p >A3-2<\/p><\/div>\n\t\t\t\t<\/a>\n\t\t\t<\/div>\n\t\t<\/div>\n\t\t\t\t<div>\n\t\t\t<div class=\"vl-tien-ich-ngoai-khu\">\n\t\t\t\t<a style=\"cursor: pointer;\" onclick=\"$('#tab-trang-con > div').hide(); $('#tab-1').fadeIn();\">\n\t\t\t\t\t<div class=\"bg-image\">\n\t\t\t\t\t\t<div class=\"image\" style=\"background-image: url(https:\/\/phodongvillage.com\/wp-content\/uploads\/2017\/02\/donlap-a3-243x178.jpg);\"><\/div>\n\t\t\t\t\t<\/div>\n\t\t\t\t\t\t<div class=\"title\" ><p >A3-3<\/p><\/div>\n\t\t\t\t<\/a>\n\t\t\t<\/div>\n\t\t<\/div>\n\t\t\t\t<div>\n\t\t\t<div class=\"vl-tien-ich-ngoai-khu\">\n\t\t\t\t<a style=\"cursor: pointer;\" onclick=\"$('#tab-trang-con > div').hide(); $('#tab-2').fadeIn();\">\n\t\t\t\t\t<div class=\"bg-image\">\n\t\t\t\t\t\t<div class=\"image\" style=\"background-image: url(https:\/\/phodongvillage.com\/wp-content\/uploads\/2017\/02\/donlap-aa-243x132.jpg);\"><\/div>\n\t\t\t\t\t<\/div>\n\t\t\t\t\t\t<div class=\"title\" ><p >A3-1<\/p><\/div>\n\t\t\t\t<\/a>\n\t\t\t<\/div>\n\t\t<\/div>\n\t\t\t\t<div>\n\t\t\t<div class=\"vl-tien-ich-ngoai-khu\">\n\t\t\t\t<a style=\"cursor: pointer;\" onclick=\"$('#tab-trang-con > div').hide(); $('#tab-3').fadeIn();\">\n\t\t\t\t\t<div class=\"bg-image\">\n\t\t\t\t\t\t<div class=\"image\" style=\"background-image: url(https:\/\/phodongvillage.com\/wp-content\/uploads\/2017\/02\/donlap-a2-243x148.jpg);\"><\/div>\n\t\t\t\t\t<\/div>\n\t\t\t\t\t\t<div class=\"title\" ><p >A2<\/p><\/div>\n\t\t\t\t<\/a>\n\t\t\t<\/div>\n\t\t<\/div>\n\t\t\t<\/div><\/div>\n\t<\/div>\n\t\n<div id=\"tab-trang-con\">\n<div id=\"tab-0\" class=\"\" style=\"float:left;width:100%;\">\n\t<div class=\"col-md-5\" id=\"area-nha-phodong\" style=\"padding:0px;\" >\n\t\t<div class=\"col-md-8\" style=\" float: none;\">\n\t\t<p class=\"qtranxs-available-languages-message qtranxs-available-languages-message-en\">Sorry, this entry is only available in <a href=\"https:\/\/phodongvillage.com\/vi\/wp-json\/wp\/v2\/pages\/493\" class=\"qtranxs-available-language-link qtranxs-available-language-link-vi\" title=\"Ti\u1ebfng Vi\u1ec7t\">Vietnamese<\/a>.<\/p>\n\t\t<\/div>\n\t<\/div>\n\t\n\t<div class=\"col-md-7\">\n\t\t<div id=\"carousel-tab-0\" class=\"carousel slide\" data-ride=\"carousel\">\n\t\t\t<div class=\"carousel-inner\" role=\"listbox\">\n\t\t\t\t\t\t\t<div class=\"item active\">\n\t\t\t\t\t<img src=\"https:\/\/phodongvillage.com\/wp-content\/uploads\/2017\/03\/don-lap-1.jpg\">\n\t\t\t\t<\/div>\n\t\t\t\t\t\t\t\t\t\t<\/div>\n\t\t\t<a class=\"left carousel-control\" href=\"#carousel-tab-0\" role=\"button\" data-slide=\"prev\">\n\t\t\t\t<span class=\"glyphicon glyphicon-chevron-left\" aria-hidden=\"true\"><\/span>\n\t\t\t\t<span class=\"sr-only\">Previous<\/span>\n\t\t\t<\/a>\n\t\t\t<a class=\"right carousel-control\" href=\"#carousel-tab-0\" role=\"button\" data-slide=\"next\">\n\t\t\t\t<span class=\"glyphicon glyphicon-chevron-right\" aria-hidden=\"true\"><\/span>\n\t\t\t\t<span class=\"sr-only\">Next<\/span>\n\t\t\t<\/a>\n\t\t<\/div>\n\t<\/div>\n\n<\/div>\n<div id=\"tab-1\" class=\"\" style=\"float:left;width:100%;\">\n\t<div class=\"col-md-5\" id=\"area-nha-phodong\" style=\"padding:0px;\" >\n\t\t<div class=\"col-md-8\" style=\" float: none;\">\n\t\t<div class=\"vl-product-description\">\n<fieldset>\n<legend>\u0110\u01a1n L\u1eadp A3.3<\/legend>\n<div class=\"content\">\n<p>\u0110ang c\u1eadp nh\u1eadt<\/p>\n<\/p><\/div>\n<\/fieldset><\/div>\n\t\t<\/div>\n\t<\/div>\n\t\n\t<div class=\"col-md-7\">\n\t\t<div id=\"carousel-tab-1\" class=\"carousel slide\" data-ride=\"carousel\">\n\t\t\t<div class=\"carousel-inner\" role=\"listbox\">\n\t\t\t\t\t\t\t<div class=\"item active\">\n\t\t\t\t\t<img src=\"https:\/\/phodongvillage.com\/wp-content\/uploads\/2017\/03\/don-lap-1.jpg\">\n\t\t\t\t<\/div>\n\t\t\t\t\t\t\t\t<div class=\"item\">\n\t\t\t\t\t<img src=\"https:\/\/phodongvillage.com\/wp-content\/uploads\/2017\/02\/donlap-a3-1.jpg\">\n\t\t\t\t<\/div>\n\t\t\t\t\t\t\t\t<div class=\"item\">\n\t\t\t\t\t<img src=\"https:\/\/phodongvillage.com\/wp-content\/uploads\/2017\/02\/donlap-a3-2.jpg\">\n\t\t\t\t<\/div>\n\t\t\t\t\t\t\t\t<div class=\"item\">\n\t\t\t\t\t<img src=\"https:\/\/phodongvillage.com\/wp-content\/uploads\/2017\/02\/donlap-a3-3.jpg\">\n\t\t\t\t<\/div>\n\t\t\t\t\t\t\t\t\t\t<\/div>\n\t\t\t<a class=\"left carousel-control\" href=\"#carousel-tab-1\" role=\"button\" data-slide=\"prev\">\n\t\t\t\t<span class=\"glyphicon glyphicon-chevron-left\" aria-hidden=\"true\"><\/span>\n\t\t\t\t<span class=\"sr-only\">Previous<\/span>\n\t\t\t<\/a>\n\t\t\t<a class=\"right carousel-control\" href=\"#carousel-tab-1\" role=\"button\" data-slide=\"next\">\n\t\t\t\t<span class=\"glyphicon glyphicon-chevron-right\" aria-hidden=\"true\"><\/span>\n\t\t\t\t<span class=\"sr-only\">Next<\/span>\n\t\t\t<\/a>\n\t\t<\/div>\n\t<\/div>\n\n<\/div>\n<div id=\"tab-2\" class=\"\" style=\"float:left;width:100%;\">\n\t<div class=\"col-md-5\" id=\"area-nha-phodong\" style=\"padding:0px;\" >\n\t\t<div class=\"col-md-8\" style=\" float: none;\">\n\t\t<div class=\"vl-product-description\">\n<fieldset>\n<legend>\u0110\u01a1n L\u1eadp A3.1-A3.2<\/legend>\n<div class=\"content\">\n<table class=\"table table-bordered\">\n<tbody>\n<tr>\n<td>Di\u1ec7n T\u00edch Khu\u00f4n Vi\u00ean<\/td>\n<td>406 m\u00b2<\/td>\n<\/tr>\n<tr>\n<td>T\u1ed5ng Di\u1ec7n T\u00edch S\u00e0n<\/td>\n<td>557,05 m\u00b2<\/td>\n<\/tr>\n<tr>\n<td> &#8211; Di\u1ec7n T\u00edch S\u00e0n 1<\/td>\n<td>155,55 m\u00b2<\/td>\n<\/tr>\n<tr>\n<td> &#8211; Di\u1ec7n T\u00edch S\u00e0n 2<\/td>\n<td>134 m\u00b2<\/td>\n<\/tr>\n<tr>\n<td> &#8211; Di\u1ec7n T\u00edch S\u00e0n 3<\/td>\n<td>134 m\u00b2<\/td>\n<\/tr>\n<tr>\n<td>Di\u1ec7n T\u00edch M\u00e1i &amp; \u00d4 V\u0103ng<\/td>\n<td>133,5 m\u00b2<\/td>\n<\/tr>\n<tr>\n<td>M\u1eadt \u0110\u1ed9 X\u00e2y D\u1ef1ng<\/td>\n<td>38%<\/td>\n<\/tr>\n<tr>\n<td>H\u1ec7 S\u1ed1 S\u1eed D\u1ee5ng \u0110\u1ea5t<\/td>\n<td>1,04<\/td>\n<\/tr>\n<\/tbody>\n<\/table><\/div>\n<\/fieldset><\/div>\n\t\t<\/div>\n\t<\/div>\n\t\n\t<div class=\"col-md-7\">\n\t\t<div id=\"carousel-tab-2\" class=\"carousel slide\" data-ride=\"carousel\">\n\t\t\t<div class=\"carousel-inner\" role=\"listbox\">\n\t\t\t\t\t\t\t<div class=\"item active\">\n\t\t\t\t\t<img src=\"https:\/\/phodongvillage.com\/wp-content\/uploads\/2017\/03\/don-lap-1.jpg\">\n\t\t\t\t<\/div>\n\t\t\t\t\t\t\t\t<div class=\"item\">\n\t\t\t\t\t<img src=\"https:\/\/phodongvillage.com\/wp-content\/uploads\/2017\/02\/donlap-aa-1.jpg\">\n\t\t\t\t<\/div>\n\t\t\t\t\t\t\t\t<div class=\"item\">\n\t\t\t\t\t<img src=\"https:\/\/phodongvillage.com\/wp-content\/uploads\/2017\/02\/donlap-aa-2.jpg\">\n\t\t\t\t<\/div>\n\t\t\t\t\t\t\t\t<div class=\"item\">\n\t\t\t\t\t<img src=\"https:\/\/phodongvillage.com\/wp-content\/uploads\/2017\/02\/donlap-aa-3.jpg\">\n\t\t\t\t<\/div>\n\t\t\t\t\t\t\t\t\t\t<\/div>\n\t\t\t<a class=\"left carousel-control\" href=\"#carousel-tab-2\" role=\"button\" data-slide=\"prev\">\n\t\t\t\t<span class=\"glyphicon glyphicon-chevron-left\" aria-hidden=\"true\"><\/span>\n\t\t\t\t<span class=\"sr-only\">Previous<\/span>\n\t\t\t<\/a>\n\t\t\t<a class=\"right carousel-control\" href=\"#carousel-tab-2\" role=\"button\" data-slide=\"next\">\n\t\t\t\t<span class=\"glyphicon glyphicon-chevron-right\" aria-hidden=\"true\"><\/span>\n\t\t\t\t<span class=\"sr-only\">Next<\/span>\n\t\t\t<\/a>\n\t\t<\/div>\n\t<\/div>\n\n<\/div>\n<div id=\"tab-3\" class=\"\" style=\"float:left;width:100%;\">\n\t<div class=\"col-md-5\" id=\"area-nha-phodong\" style=\"padding:0px;\" >\n\t\t<div class=\"col-md-8\" style=\" float: none;\">\n\t\t<div class=\"vl-product-description\">\n<fieldset>\n<legend>\u0110\u01a1n L\u1eadp A2<\/legend>\n<div class=\"content\">\n<table class=\"table table-bordered\">\n<tbody>\n<tr>\n<td>Di\u1ec7n T\u00edch Khu\u00f4n Vi\u00ean<\/td>\n<td>388,60 m\u00b2<\/td>\n<\/tr>\n<tr>\n<td>T\u1ed5ng Di\u1ec7n T\u00edch S\u00e0n<\/td>\n<td>554,5 m\u00b2<\/td>\n<\/tr>\n<tr>\n<td> &#8211; Di\u1ec7n T\u00edch S\u00e0n 1<\/td>\n<td>135 m\u00b2<\/td>\n<\/tr>\n<tr>\n<td> &#8211; Di\u1ec7n T\u00edch S\u00e0n 2<\/td>\n<td>155 m\u00b2<\/td>\n<\/tr>\n<tr>\n<td> &#8211; Di\u1ec7n T\u00edch S\u00e0n 3<\/td>\n<td>132 m\u00b2<\/td>\n<\/tr>\n<tr>\n<td>Di\u1ec7n T\u00edch M\u00e1i &amp; \u00d4 V\u0103ng<\/td>\n<td>132,5 m\u00b2<\/td>\n<\/tr>\n<tr>\n<td>M\u1eadt \u0110\u1ed9 X\u00e2y D\u1ef1ng<\/td>\n<td>40%<\/td>\n<\/tr>\n<tr>\n<td>H\u1ec7 S\u1ed1 S\u1eed D\u1ee5ng \u0110\u1ea5t<\/td>\n<td>1,09<\/td>\n<\/tr>\n<\/tbody>\n<\/table><\/div>\n<\/fieldset><\/div>\n\t\t<\/div>\n\t<\/div>\n\t\n\t<div class=\"col-md-7\">\n\t\t<div id=\"carousel-tab-3\" class=\"carousel slide\" data-ride=\"carousel\">\n\t\t\t<div class=\"carousel-inner\" role=\"listbox\">\n\t\t\t\t\t\t\t<div class=\"item active\">\n\t\t\t\t\t<img src=\"https:\/\/phodongvillage.com\/wp-content\/uploads\/2017\/03\/don-lap-1.jpg\">\n\t\t\t\t<\/div>\n\t\t\t\t\t\t\t\t<div class=\"item\">\n\t\t\t\t\t<img src=\"https:\/\/phodongvillage.com\/wp-content\/uploads\/2017\/02\/donlap-a2-2.jpg\">\n\t\t\t\t<\/div>\n\t\t\t\t\t\t\t\t<div class=\"item\">\n\t\t\t\t\t<img src=\"https:\/\/phodongvillage.com\/wp-content\/uploads\/2017\/02\/donlap-a2-3.jpg\">\n\t\t\t\t<\/div>\n\t\t\t\t\t\t\t\t<div class=\"item\">\n\t\t\t\t\t<img src=\"https:\/\/phodongvillage.com\/wp-content\/uploads\/2017\/02\/donlap-a2-1.jpg\">\n\t\t\t\t<\/div>\n\t\t\t\t\t\t\t\t\t\t<\/div>\n\t\t\t<a class=\"left carousel-control\" href=\"#carousel-tab-3\" role=\"button\" data-slide=\"prev\">\n\t\t\t\t<span class=\"glyphicon glyphicon-chevron-left\" aria-hidden=\"true\"><\/span>\n\t\t\t\t<span class=\"sr-only\">Previous<\/span>\n\t\t\t<\/a>\n\t\t\t<a class=\"right carousel-control\" href=\"#carousel-tab-3\" role=\"button\" data-slide=\"next\">\n\t\t\t\t<span class=\"glyphicon glyphicon-chevron-right\" aria-hidden=\"true\"><\/span>\n\t\t\t\t<span class=\"sr-only\">Next<\/span>\n\t\t\t<\/a>\n\t\t<\/div>\n\t<\/div>\n\n<\/div>\n\n\t\n<\/div>\n<div class=\"backhome-aroow\" style=\"display: block !Important;margin-left: 40px; float: left;width: 100%;\">\n\t\t<a  id=\"link\" href=\"https:\/\/phodongvillage.com\/en\/#3rdPage\/active\"><img src=\"http:\/\/phodongvillage.com\/wp-content\/themes\/phodong\/media\/img\/back-home.png\"><\/a>\n\n\t<\/div>\n<\/div><\/div><\/div><\/div><\/div>","protected":false},"excerpt":{"rendered":"<p>Sorry, this entry is only available in Vietnamese.<\/p>\n","protected":false},"author":2,"featured_media":0,"parent":0,"menu_order":0,"comment_status":"closed","ping_status":"closed","template":"","meta":[],"_links":{"self":[{"href":"https:\/\/phodongvillage.com\/en\/wp-json\/wp\/v2\/pages\/493"}],"collection":[{"href":"https:\/\/phodongvillage.com\/en\/wp-json\/wp\/v2\/pages"}],"about":[{"href":"https:\/\/phodongvillage.com\/en\/wp-json\/wp\/v2\/types\/page"}],"author":[{"embeddable":true,"href":"https:\/\/phodongvillage.com\/en\/wp-json\/wp\/v2\/users\/2"}],"replies":[{"embeddable":true,"href":"https:\/\/phodongvillage.com\/en\/wp-json\/wp\/v2\/comments?post=493"}],"version-history":[{"count":11,"href":"https:\/\/phodongvillage.com\/en\/wp-json\/wp\/v2\/pages\/493\/revisions"}],"predecessor-version":[{"id":1523,"href":"https:\/\/phodongvillage.com\/en\/wp-json\/wp\/v2\/pages\/493\/revisions\/1523"}],"wp:attachment":[{"href":"https:\/\/phodongvillage.com\/en\/wp-json\/wp\/v2\/media?parent=493"}],"curies":[{"name":"wp","href":"https:\/\/api.w.org\/{rel}","templated":true}]}}